{"id":144,"date":"2026-05-10T07:55:32","date_gmt":"2026-05-10T07:55:32","guid":{"rendered":"https:\/\/trustekapital.com\/?page_id=144"},"modified":"2026-05-10T15:09:25","modified_gmt":"2026-05-10T15:09:25","slug":"online-kredit","status":"publish","type":"page","link":"https:\/\/trustekapital.com\/?page_id=144","title":{"rendered":"Online-Kredit"},"content":{"rendered":"\t\t<div data-elementor-type=\"wp-page\" data-elementor-id=\"144\" class=\"elementor elementor-144\" data-elementor-post-type=\"page\">\n\t\t\t\t<div class=\"elementor-element elementor-element-d04d62c e-con-full e-flex e-con e-parent\" data-id=\"d04d62c\" data-element_type=\"container\" data-e-type=\"container\" data-settings=\"{&quot;background_background&quot;:&quot;classic&quot;}\">\n\t\t\t\t<div class=\"elementor-element elementor-element-a6f0010 elementor-widget elementor-widget-heading\" data-id=\"a6f0010\" data-element_type=\"widget\" data-e-type=\"widget\" data-widget_type=\"heading.default\">\n\t\t\t\t\t<h2 class=\"elementor-heading-title elementor-size-default\">Online-Kredit<\/h2>\t\t\t\t<\/div>\n\t\t\t\t<div class=\"elementor-element elementor-element-024deea elementor-widget elementor-widget-text-editor\" data-id=\"024deea\" data-element_type=\"widget\" data-e-type=\"widget\" data-widget_type=\"text-editor.default\">\n\t\t\t\t\t\t\t\t\t<p>Online-Kredite von TRUSTeKAPITAL: Bequem von zu Hause beantragen \u2013 schnell, sicher und zu fairen Konditionen.<\/p>\t\t\t\t\t\t\t\t<\/div>\n\t\t\t\t<\/div>\n\t\t<div class=\"elementor-element elementor-element-b14e6dd e-flex e-con-boxed e-con e-parent\" data-id=\"b14e6dd\" data-element_type=\"container\" data-e-type=\"container\" data-settings=\"{&quot;background_background&quot;:&quot;classic&quot;}\">\n\t\t\t\t\t<div class=\"e-con-inner\">\n\t\t\t\t<div class=\"elementor-element elementor-element-1a47f8e elementor-widget elementor-widget-heading\" data-id=\"1a47f8e\" data-element_type=\"widget\" data-e-type=\"widget\" data-widget_type=\"heading.default\">\n\t\t\t\t\t<h2 class=\"elementor-heading-title elementor-size-default\">Online-Kredit \u2013 einfach von \u00fcberall<\/h2>\t\t\t\t<\/div>\n\t\t\t\t<div class=\"elementor-element elementor-element-4f0b755 elementor-widget elementor-widget-text-editor\" data-id=\"4f0b755\" data-element_type=\"widget\" data-e-type=\"widget\" data-widget_type=\"text-editor.default\">\n\t\t\t\t\t\t\t\t\t<p>In der digitalen Welt erhalten Sie Ihren Online-Kredit mit wenigen Klicks \u2013 jederzeit und \u00fcberall. Ob zu Hause, im B\u00fcro oder unterwegs: Mit einer Internetverbindung und TRUSTEKAPITAL haben Sie Zugang zu attraktiven Krediten ohne l\u00e4stige Banktermine oder Papierkram.<\/p><p>TRUSTEKAPITAL macht Online-Kredite einfach und transparent. Berechnen Sie mit unserem Kreditrechner Ihre pers\u00f6nliche Rate, passen Sie Betrag und Laufzeit an und stellen Sie Ihren Antrag direkt online. Bei Fragen erreichen Sie unsere kompetenten Berater \u00fcber die kostenlose Hotline +32 460 22 06 10<br \/>f\u00fcr eine unverbindliche Beratung.<\/p><p>Bei TRUSTEKAPITAL stehen faire Konditionen, einfache Abwicklung und 100% Diskretion im Vordergrund. Erhalten Sie Ihren Online-Kredit schnell, sicher und ohne versteckte Kosten \u2013 ganz nach Ihren W\u00fcnschen.<\/p>\t\t\t\t\t\t\t\t<\/div>\n\t\t\t\t\t<\/div>\n\t\t\t\t<\/div>\n\t\t\t\t<\/div>\n\t\t","protected":false},"excerpt":{"rendered":"<p>Online-Kredit Online-Kredite von TRUSTeKAPITAL: Bequem von zu Hause beantragen \u2013 schnell, sicher und zu fairen Konditionen. Online-Kredit \u2013 einfach von \u00fcberall In der digitalen Welt erhalten Sie Ihren Online-Kredit mit wenigen Klicks \u2013 jederzeit und \u00fcberall. Ob zu Hause, im B\u00fcro oder unterwegs: Mit einer Internetverbindung und TRUSTEKAPITAL haben Sie Zugang zu attraktiven Krediten ohne [&hellip;]<\/p>\n","protected":false},"author":1,"featured_media":0,"parent":0,"menu_order":0,"comment_status":"closed","ping_status":"closed","template":"elementor_header_footer","meta":{"footnotes":""},"class_list":["post-144","page","type-page","status-publish","hentry"],"_links":{"self":[{"href":"https:\/\/trustekapital.com\/index.php?rest_route=\/wp\/v2\/pages\/144","targetHints":{"allow":["GET"]}}],"collection":[{"href":"https:\/\/trustekapital.com\/index.php?rest_route=\/wp\/v2\/pages"}],"about":[{"href":"https:\/\/trustekapital.com\/index.php?rest_route=\/wp\/v2\/types\/page"}],"author":[{"embeddable":true,"href":"https:\/\/trustekapital.com\/index.php?rest_route=\/wp\/v2\/users\/1"}],"replies":[{"embeddable":true,"href":"https:\/\/trustekapital.com\/index.php?rest_route=%2Fwp%2Fv2%2Fcomments&post=144"}],"version-history":[{"count":34,"href":"https:\/\/trustekapital.com\/index.php?rest_route=\/wp\/v2\/pages\/144\/revisions"}],"predecessor-version":[{"id":359,"href":"https:\/\/trustekapital.com\/index.php?rest_route=\/wp\/v2\/pages\/144\/revisions\/359"}],"wp:attachment":[{"href":"https:\/\/trustekapital.com\/index.php?rest_route=%2Fwp%2Fv2%2Fmedia&parent=144"}],"curies":[{"name":"wp","href":"https:\/\/api.w.org\/{rel}","templated":true}]}}