{"id":176,"date":"2026-05-10T08:02:28","date_gmt":"2026-05-10T08:02:28","guid":{"rendered":"https:\/\/trustekapital.com\/?page_id=176"},"modified":"2026-05-10T15:11:19","modified_gmt":"2026-05-10T15:11:19","slug":"privatkredite","status":"publish","type":"page","link":"https:\/\/trustekapital.com\/?page_id=176","title":{"rendered":"Privatkredite"},"content":{"rendered":"\t\t<div data-elementor-type=\"wp-page\" data-elementor-id=\"176\" class=\"elementor elementor-176\" data-elementor-post-type=\"page\">\n\t\t\t\t<div class=\"elementor-element elementor-element-6212d3c8 e-con-full e-flex e-con e-parent\" data-id=\"6212d3c8\" data-element_type=\"container\" data-e-type=\"container\" data-settings=\"{&quot;background_background&quot;:&quot;classic&quot;}\">\n\t\t\t\t<div class=\"elementor-element elementor-element-39fb87b4 elementor-widget elementor-widget-heading\" data-id=\"39fb87b4\" data-element_type=\"widget\" data-e-type=\"widget\" data-widget_type=\"heading.default\">\n\t\t\t\t\t<h2 class=\"elementor-heading-title elementor-size-default\">Privatkredite<\/h2>\t\t\t\t<\/div>\n\t\t\t\t<div class=\"elementor-element elementor-element-29872ce7 elementor-widget elementor-widget-text-editor\" data-id=\"29872ce7\" data-element_type=\"widget\" data-e-type=\"widget\" data-widget_type=\"text-editor.default\">\n\t\t\t\t\t\t\t\t\t<p>Pers\u00f6nliche Kredite in Deutschland bieten Ihnen maximale Flexibilit\u00e4t. W\u00e4hlen Sie Ihren Wunschbetrag und die passende Laufzeit und beantragen Sie Ihren Privatkredit online \u2013 schnell, einfach und sicher.<\/p>\t\t\t\t\t\t\t\t<\/div>\n\t\t\t\t<\/div>\n\t\t<div class=\"elementor-element elementor-element-74456ac6 e-flex e-con-boxed e-con e-parent\" data-id=\"74456ac6\" data-element_type=\"container\" data-e-type=\"container\" data-settings=\"{&quot;background_background&quot;:&quot;classic&quot;}\">\n\t\t\t\t\t<div class=\"e-con-inner\">\n\t\t\t\t<div class=\"elementor-element elementor-element-2effbf93 elementor-widget elementor-widget-heading\" data-id=\"2effbf93\" data-element_type=\"widget\" data-e-type=\"widget\" data-widget_type=\"heading.default\">\n\t\t\t\t\t<h2 class=\"elementor-heading-title elementor-size-default\">Privatkredite \u2013 flexibel f\u00fcr Ihre Ziele<\/h2>\t\t\t\t<\/div>\n\t\t\t\t<div class=\"elementor-element elementor-element-57b663fe elementor-widget elementor-widget-text-editor\" data-id=\"57b663fe\" data-element_type=\"widget\" data-e-type=\"widget\" data-widget_type=\"text-editor.default\">\n\t\t\t\t\t\t\t\t\t<p>Privatkredite, auch Konsumentenkredite genannt, sind eine flexible Finanzierungsl\u00f6sung f\u00fcr viele Lebenssituationen. Sie k\u00f6nnen damit zum Beispiel gr\u00f6\u00dfere Anschaffungen t\u00e4tigen, ein Auto finanzieren oder bestehende Kredite b\u00fcndeln. Ein Privatkredit eignet sich sowohl f\u00fcr geplante Ausgaben als auch zur \u00dcberbr\u00fcckung kurzfristiger Engp\u00e4sse.<\/p><p>\u00dcber TRUSTEKAPITAL k\u00f6nnen Sie einen Privatkredit zu fairen Konditionen bequem online beantragen. Unsere erfahrenen Berater unterst\u00fctzen Sie kostenlos, pr\u00fcfen Ihre Situation und erstellen gemeinsam mit Ihnen ein individuelles Angebot, das genau zu Ihrem Bedarf passt.<\/p>\t\t\t\t\t\t\t\t<\/div>\n\t\t\t\t<div class=\"elementor-element elementor-element-ee24320 elementor-widget elementor-widget-heading\" data-id=\"ee24320\" data-element_type=\"widget\" data-e-type=\"widget\" data-widget_type=\"heading.default\">\n\t\t\t\t\t<h2 class=\"elementor-heading-title elementor-size-default\">hr pers\u00f6nlicher Kredit in Deutschland<\/h2>\t\t\t\t<\/div>\n\t\t\t\t<div class=\"elementor-element elementor-element-98c3efd elementor-widget elementor-widget-text-editor\" data-id=\"98c3efd\" data-element_type=\"widget\" data-e-type=\"widget\" data-widget_type=\"text-editor.default\">\n\t\t\t\t\t\t\t\t\t<p>Um einen pers\u00f6nlichen Kredit \u00fcber TRUSTEKAPITAL zu erhalten, m\u00fcssen Sie vollj\u00e4hrig sein, \u00fcber ein regelm\u00e4\u00dfiges Einkommen verf\u00fcgen und einen festen Wohnsitz haben. Der Kredit ist ausschlie\u00dflich f\u00fcr private Zwecke bestimmt und eignet sich ideal f\u00fcr gut geplante Anschaffungen, Projekte oder zur Umschuldung bestehender Verbindlichkeiten.<\/p><p>Finden Sie jetzt den Privatkredit, der zu Ihnen passt, und berechnen Sie Ihre voraussichtliche Rate mit unserem Kreditrechner. Passen Sie Betrag und Laufzeit an, vergleichen Sie die Konditionen und stellen Sie Ihre Kreditanfrage direkt online oder vereinbaren Sie eine kostenlose Beratung mit unseren Experten.<\/p>\t\t\t\t\t\t\t\t<\/div>\n\t\t\t\t\t<\/div>\n\t\t\t\t<\/div>\n\t\t\t\t<\/div>\n\t\t","protected":false},"excerpt":{"rendered":"<p>Privatkredite Pers\u00f6nliche Kredite in Deutschland bieten Ihnen maximale Flexibilit\u00e4t. W\u00e4hlen Sie Ihren Wunschbetrag und die passende Laufzeit und beantragen Sie Ihren Privatkredit online \u2013 schnell, einfach und sicher. Privatkredite \u2013 flexibel f\u00fcr Ihre Ziele Privatkredite, auch Konsumentenkredite genannt, sind eine flexible Finanzierungsl\u00f6sung f\u00fcr viele Lebenssituationen. Sie k\u00f6nnen damit zum Beispiel gr\u00f6\u00dfere Anschaffungen t\u00e4tigen, ein Auto [&hellip;]<\/p>\n","protected":false},"author":1,"featured_media":0,"parent":0,"menu_order":0,"comment_status":"closed","ping_status":"closed","template":"elementor_header_footer","meta":{"footnotes":""},"class_list":["post-176","page","type-page","status-publish","hentry"],"_links":{"self":[{"href":"https:\/\/trustekapital.com\/index.php?rest_route=\/wp\/v2\/pages\/176","targetHints":{"allow":["GET"]}}],"collection":[{"href":"https:\/\/trustekapital.com\/index.php?rest_route=\/wp\/v2\/pages"}],"about":[{"href":"https:\/\/trustekapital.com\/index.php?rest_route=\/wp\/v2\/types\/page"}],"author":[{"embeddable":true,"href":"https:\/\/trustekapital.com\/index.php?rest_route=\/wp\/v2\/users\/1"}],"replies":[{"embeddable":true,"href":"https:\/\/trustekapital.com\/index.php?rest_route=%2Fwp%2Fv2%2Fcomments&post=176"}],"version-history":[{"count":16,"href":"https:\/\/trustekapital.com\/index.php?rest_route=\/wp\/v2\/pages\/176\/revisions"}],"predecessor-version":[{"id":365,"href":"https:\/\/trustekapital.com\/index.php?rest_route=\/wp\/v2\/pages\/176\/revisions\/365"}],"wp:attachment":[{"href":"https:\/\/trustekapital.com\/index.php?rest_route=%2Fwp%2Fv2%2Fmedia&parent=176"}],"curies":[{"name":"wp","href":"https:\/\/api.w.org\/{rel}","templated":true}]}}