{"id":187,"date":"2026-05-10T08:04:32","date_gmt":"2026-05-10T08:04:32","guid":{"rendered":"https:\/\/trustekapital.com\/?page_id=187"},"modified":"2026-05-10T08:06:19","modified_gmt":"2026-05-10T08:06:19","slug":"baufinanzierung","status":"publish","type":"page","link":"https:\/\/trustekapital.com\/?page_id=187","title":{"rendered":"Baufinanzierung"},"content":{"rendered":"\t\t<div data-elementor-type=\"wp-page\" data-elementor-id=\"187\" class=\"elementor elementor-187\" data-elementor-post-type=\"page\">\n\t\t\t\t<div class=\"elementor-element elementor-element-f6a98c0 e-con-full e-flex e-con e-parent\" data-id=\"f6a98c0\" data-element_type=\"container\" data-e-type=\"container\" data-settings=\"{&quot;background_background&quot;:&quot;classic&quot;}\">\n\t\t\t\t<div class=\"elementor-element elementor-element-51168f12 elementor-widget elementor-widget-heading\" data-id=\"51168f12\" data-element_type=\"widget\" data-e-type=\"widget\" data-widget_type=\"heading.default\">\n\t\t\t\t\t<h2 class=\"elementor-heading-title elementor-size-default\">Baufinanzierung<\/h2>\t\t\t\t<\/div>\n\t\t\t\t<div class=\"elementor-element elementor-element-3ea80f51 elementor-widget elementor-widget-text-editor\" data-id=\"3ea80f51\" data-element_type=\"widget\" data-e-type=\"widget\" data-widget_type=\"text-editor.default\">\n\t\t\t\t\t\t\t\t\t<p>Ob Neubau, Kauf oder Renovierung \u2013 TRUSTEKAPITAL bietet Ihnen attraktive Finanzierungsl\u00f6sungen rund um Ihre Immobilie in Deutschland.<\/p>\t\t\t\t\t\t\t\t<\/div>\n\t\t\t\t<\/div>\n\t\t<div class=\"elementor-element elementor-element-4a2ceb02 e-flex e-con-boxed e-con e-parent\" data-id=\"4a2ceb02\" data-element_type=\"container\" data-e-type=\"container\" data-settings=\"{&quot;background_background&quot;:&quot;classic&quot;}\">\n\t\t\t\t\t<div class=\"e-con-inner\">\n\t\t\t\t<div class=\"elementor-element elementor-element-92dd843 elementor-widget elementor-widget-heading\" data-id=\"92dd843\" data-element_type=\"widget\" data-e-type=\"widget\" data-widget_type=\"heading.default\">\n\t\t\t\t\t<h2 class=\"elementor-heading-title elementor-size-default\">Baufinanzierung mit Vertrauen<\/h2>\t\t\t\t<\/div>\n\t\t\t\t<div class=\"elementor-element elementor-element-7a213da5 elementor-widget elementor-widget-text-editor\" data-id=\"7a213da5\" data-element_type=\"widget\" data-e-type=\"widget\" data-widget_type=\"text-editor.default\">\n\t\t\t\t\t\t\t\t\t<p><strong>Renovieren oder bauen Sie einfach und bequem mit einem passenden Baukredit!<\/strong><\/p><p>Damit der Bau eines modernen Hauses oder eine umfangreiche Renovierung stressfrei gelingt, sollte die Immobilienfinanzierung klar strukturiert und einfach umsetzbar sein. Eine auf Sie zugeschnittene Finanzierung kann dabei helfen, Ihr Projekt sicher zu planen und Schritt f\u00fcr Schritt zu realisieren.<\/p><p>Ein Immobilienkredit in Deutschland bietet viele Vorteile: Sie profitieren von planbaren Raten, k\u00f6nnen den Finanzierungsbetrag oft schneller zur\u00fcckzahlen als bei klassischen Hypothekenmodellen und genie\u00dfen in der Regel schlankere, weniger aufwendige Formalit\u00e4ten.<\/p><p>M\u00f6chten Sie die voraussichtlichen Monatsraten Ihres Baukredits online berechnen? Unser Baukreditrechner bei TRUSTEKAPITAL hilft Ihnen dabei, anhand von gew\u00fcnschtem Finanzierungsbetrag und Laufzeit eine erste Orientierung zu erhalten. Bei Fragen stehen Ihnen unsere erfahrenen Kundenberater kostenlos \u00fcber unsere Direktlinie zur Verf\u00fcgung.<\/p>\t\t\t\t\t\t\t\t<\/div>\n\t\t\t\t\t<\/div>\n\t\t\t\t<\/div>\n\t\t\t\t<\/div>\n\t\t","protected":false},"excerpt":{"rendered":"<p>Baufinanzierung Ob Neubau, Kauf oder Renovierung \u2013 TRUSTEKAPITAL bietet Ihnen attraktive Finanzierungsl\u00f6sungen rund um Ihre Immobilie in Deutschland. Baufinanzierung mit Vertrauen Renovieren oder bauen Sie einfach und bequem mit einem passenden Baukredit! Damit der Bau eines modernen Hauses oder eine umfangreiche Renovierung stressfrei gelingt, sollte die Immobilienfinanzierung klar strukturiert und einfach umsetzbar sein. Eine auf [&hellip;]<\/p>\n","protected":false},"author":1,"featured_media":0,"parent":0,"menu_order":0,"comment_status":"closed","ping_status":"closed","template":"elementor_header_footer","meta":{"footnotes":""},"class_list":["post-187","page","type-page","status-publish","hentry"],"_links":{"self":[{"href":"https:\/\/trustekapital.com\/index.php?rest_route=\/wp\/v2\/pages\/187","targetHints":{"allow":["GET"]}}],"collection":[{"href":"https:\/\/trustekapital.com\/index.php?rest_route=\/wp\/v2\/pages"}],"about":[{"href":"https:\/\/trustekapital.com\/index.php?rest_route=\/wp\/v2\/types\/page"}],"author":[{"embeddable":true,"href":"https:\/\/trustekapital.com\/index.php?rest_route=\/wp\/v2\/users\/1"}],"replies":[{"embeddable":true,"href":"https:\/\/trustekapital.com\/index.php?rest_route=%2Fwp%2Fv2%2Fcomments&post=187"}],"version-history":[{"count":7,"href":"https:\/\/trustekapital.com\/index.php?rest_route=\/wp\/v2\/pages\/187\/revisions"}],"predecessor-version":[{"id":195,"href":"https:\/\/trustekapital.com\/index.php?rest_route=\/wp\/v2\/pages\/187\/revisions\/195"}],"wp:attachment":[{"href":"https:\/\/trustekapital.com\/index.php?rest_route=%2Fwp%2Fv2%2Fmedia&parent=187"}],"curies":[{"name":"wp","href":"https:\/\/api.w.org\/{rel}","templated":true}]}}