{"id":196,"date":"2026-05-10T08:07:21","date_gmt":"2026-05-10T08:07:21","guid":{"rendered":"https:\/\/trustekapital.com\/?page_id=196"},"modified":"2026-05-10T08:09:19","modified_gmt":"2026-05-10T08:09:19","slug":"konsumentenkredit","status":"publish","type":"page","link":"https:\/\/trustekapital.com\/?page_id=196","title":{"rendered":"Konsumentenkredit"},"content":{"rendered":"\t\t<div data-elementor-type=\"wp-page\" data-elementor-id=\"196\" class=\"elementor elementor-196\" data-elementor-post-type=\"page\">\n\t\t\t\t<div class=\"elementor-element elementor-element-69a940ba e-con-full e-flex e-con e-parent\" data-id=\"69a940ba\" data-element_type=\"container\" data-e-type=\"container\" data-settings=\"{&quot;background_background&quot;:&quot;classic&quot;}\">\n\t\t\t\t<div class=\"elementor-element elementor-element-7c56ae81 elementor-widget elementor-widget-heading\" data-id=\"7c56ae81\" data-element_type=\"widget\" data-e-type=\"widget\" data-widget_type=\"heading.default\">\n\t\t\t\t\t<h2 class=\"elementor-heading-title elementor-size-default\">Konsumentenkredit<\/h2>\t\t\t\t<\/div>\n\t\t\t\t<div class=\"elementor-element elementor-element-5bc63ef1 elementor-widget elementor-widget-text-editor\" data-id=\"5bc63ef1\" data-element_type=\"widget\" data-e-type=\"widget\" data-widget_type=\"text-editor.default\">\n\t\t\t\t\t\t\t\t\t<p>Finanzieren Sie Ihre privaten W\u00fcnsche mit einem flexiblen Konsumentenkredit. Beantragen Sie Ihren Kredit jetzt online \u2013 schnell, unkompliziert und sicher.<\/p>\t\t\t\t\t\t\t\t<\/div>\n\t\t\t\t<\/div>\n\t\t<div class=\"elementor-element elementor-element-15626e21 e-flex e-con-boxed e-con e-parent\" data-id=\"15626e21\" data-element_type=\"container\" data-e-type=\"container\" data-settings=\"{&quot;background_background&quot;:&quot;classic&quot;}\">\n\t\t\t\t\t<div class=\"e-con-inner\">\n\t\t\t\t<div class=\"elementor-element elementor-element-78867d79 elementor-widget elementor-widget-heading\" data-id=\"78867d79\" data-element_type=\"widget\" data-e-type=\"widget\" data-widget_type=\"heading.default\">\n\t\t\t\t\t<h2 class=\"elementor-heading-title elementor-size-default\">Konsumentenkredit \u2013 flexibel f\u00fcr Ihre Anschaffungen<\/h2>\t\t\t\t<\/div>\n\t\t\t\t<div class=\"elementor-element elementor-element-452c6f50 elementor-widget elementor-widget-text-editor\" data-id=\"452c6f50\" data-element_type=\"widget\" data-e-type=\"widget\" data-widget_type=\"text-editor.default\">\n\t\t\t\t\t\t\t\t\t<p>In Deutschland k\u00f6nnen Sie einen Konsumentenkredit f\u00fcr private Ausgaben und gr\u00f6\u00dfere Anschaffungen nutzen. \u00dcber TRUSTEKAPITAL beantragen Sie Ihren Konsumentenkredit zu fairen Konditionen und mit transparenter Beratung. Wir empfehlen, Konsumentenkredite vor allem f\u00fcr langfristige Investitionen zu nutzen, die Sie \u00fcber die gesamte Laufzeit hinweg verwenden. Ob Auto, Renovierung oder wichtige Neuanschaffung \u2013 mit einem Konsumentenkredit bleiben Sie finanziell flexibel.<\/p>\t\t\t\t\t\t\t\t<\/div>\n\t\t\t\t<div class=\"elementor-element elementor-element-902e7d9 elementor-widget elementor-widget-heading\" data-id=\"902e7d9\" data-element_type=\"widget\" data-e-type=\"widget\" data-widget_type=\"heading.default\">\n\t\t\t\t\t<h2 class=\"elementor-heading-title elementor-size-default\">Konsumentenkredit bequem online beantragen<\/h2>\t\t\t\t<\/div>\n\t\t\t\t<div class=\"elementor-element elementor-element-5a5bbe6 elementor-widget elementor-widget-text-editor\" data-id=\"5a5bbe6\" data-element_type=\"widget\" data-e-type=\"widget\" data-widget_type=\"text-editor.default\">\n\t\t\t\t\t\t\t\t\t<p>Mit einem Konsumentenkredit sichern Sie sich finanzielle Freiheit f\u00fcr ungeplante Ausgaben oder geplante Projekte. Bei TRUSTEKAPITAL erhalten Sie Ihren Konsumentenkredit in Deutschland zu vorteilhaften und fairen Bedingungen \u2013 ohne versteckte Kosten.<\/p><p>Sie k\u00f6nnen Ihren Kredit ganz einfach online beantragen. Mit unserem Kreditrechner (pers\u00f6nlicher Kreditrechner) ermitteln Sie in wenigen Schritten die passende Laufzeit und die voraussichtliche Monatsrate. Unsere Experten unterst\u00fctzen Sie zus\u00e4tzlich mit einer kostenlosen und unverbindlichen Beratung.<\/p><p>Es fallen keine Abschlussgeb\u00fchren oder Vermittlungsprovisionen an. In der Regel erhalten Sie innerhalb von 24 Stunden eine R\u00fcckmeldung zu Ihrem Antrag. Nach erfolgreicher Bonit\u00e4tspr\u00fcfung wird der Kreditbetrag ausgezahlt, und Sie haben ein gesetzliches Widerrufsrecht von 14 Tagen ab Vertragsunterzeichnung.<\/p>\t\t\t\t\t\t\t\t<\/div>\n\t\t\t\t\t<\/div>\n\t\t\t\t<\/div>\n\t\t\t\t<\/div>\n\t\t","protected":false},"excerpt":{"rendered":"<p>Konsumentenkredit Finanzieren Sie Ihre privaten W\u00fcnsche mit einem flexiblen Konsumentenkredit. Beantragen Sie Ihren Kredit jetzt online \u2013 schnell, unkompliziert und sicher. Konsumentenkredit \u2013 flexibel f\u00fcr Ihre Anschaffungen In Deutschland k\u00f6nnen Sie einen Konsumentenkredit f\u00fcr private Ausgaben und gr\u00f6\u00dfere Anschaffungen nutzen. \u00dcber TRUSTEKAPITAL beantragen Sie Ihren Konsumentenkredit zu fairen Konditionen und mit transparenter Beratung. Wir empfehlen, [&hellip;]<\/p>\n","protected":false},"author":1,"featured_media":0,"parent":0,"menu_order":0,"comment_status":"closed","ping_status":"closed","template":"elementor_header_footer","meta":{"footnotes":""},"class_list":["post-196","page","type-page","status-publish","hentry"],"_links":{"self":[{"href":"https:\/\/trustekapital.com\/index.php?rest_route=\/wp\/v2\/pages\/196","targetHints":{"allow":["GET"]}}],"collection":[{"href":"https:\/\/trustekapital.com\/index.php?rest_route=\/wp\/v2\/pages"}],"about":[{"href":"https:\/\/trustekapital.com\/index.php?rest_route=\/wp\/v2\/types\/page"}],"author":[{"embeddable":true,"href":"https:\/\/trustekapital.com\/index.php?rest_route=\/wp\/v2\/users\/1"}],"replies":[{"embeddable":true,"href":"https:\/\/trustekapital.com\/index.php?rest_route=%2Fwp%2Fv2%2Fcomments&post=196"}],"version-history":[{"count":4,"href":"https:\/\/trustekapital.com\/index.php?rest_route=\/wp\/v2\/pages\/196\/revisions"}],"predecessor-version":[{"id":201,"href":"https:\/\/trustekapital.com\/index.php?rest_route=\/wp\/v2\/pages\/196\/revisions\/201"}],"wp:attachment":[{"href":"https:\/\/trustekapital.com\/index.php?rest_route=%2Fwp%2Fv2%2Fmedia&parent=196"}],"curies":[{"name":"wp","href":"https:\/\/api.w.org\/{rel}","templated":true}]}}