{"id":202,"date":"2026-05-10T08:09:48","date_gmt":"2026-05-10T08:09:48","guid":{"rendered":"https:\/\/trustekapital.com\/?page_id=202"},"modified":"2026-05-10T08:13:43","modified_gmt":"2026-05-10T08:13:43","slug":"autofinanzierung","status":"publish","type":"page","link":"https:\/\/trustekapital.com\/?page_id=202","title":{"rendered":"Autofinanzierung"},"content":{"rendered":"\t\t<div data-elementor-type=\"wp-page\" data-elementor-id=\"202\" class=\"elementor elementor-202\" data-elementor-post-type=\"page\">\n\t\t\t\t<div class=\"elementor-element elementor-element-15e345f e-con-full e-flex e-con e-parent\" data-id=\"15e345f\" data-element_type=\"container\" data-e-type=\"container\" data-settings=\"{&quot;background_background&quot;:&quot;classic&quot;}\">\n\t\t\t\t<div class=\"elementor-element elementor-element-442ba928 elementor-widget elementor-widget-heading\" data-id=\"442ba928\" data-element_type=\"widget\" data-e-type=\"widget\" data-widget_type=\"heading.default\">\n\t\t\t\t\t<h2 class=\"elementor-heading-title elementor-size-default\">Autofinanzierung<\/h2>\t\t\t\t<\/div>\n\t\t\t\t<div class=\"elementor-element elementor-element-62427673 elementor-widget elementor-widget-text-editor\" data-id=\"62427673\" data-element_type=\"widget\" data-e-type=\"widget\" data-widget_type=\"text-editor.default\">\n\t\t\t\t\t\t\t\t\t<p>Mit TRUSTEKAPITAL finanzieren Sie Ihr Auto in Deutschland einfach, flexibel und zu fairen Konditionen.<\/p>\t\t\t\t\t\t\t\t<\/div>\n\t\t\t\t<\/div>\n\t\t<div class=\"elementor-element elementor-element-38a6d4eb e-flex e-con-boxed e-con e-parent\" data-id=\"38a6d4eb\" data-element_type=\"container\" data-e-type=\"container\" data-settings=\"{&quot;background_background&quot;:&quot;classic&quot;}\">\n\t\t\t\t\t<div class=\"e-con-inner\">\n\t\t\t\t<div class=\"elementor-element elementor-element-6e1b7858 elementor-widget elementor-widget-heading\" data-id=\"6e1b7858\" data-element_type=\"widget\" data-e-type=\"widget\" data-widget_type=\"heading.default\">\n\t\t\t\t\t<h2 class=\"elementor-heading-title elementor-size-default\">Autofinanzierung<\/h2>\t\t\t\t<\/div>\n\t\t\t\t<div class=\"elementor-element elementor-element-33f23780 elementor-widget elementor-widget-text-editor\" data-id=\"33f23780\" data-element_type=\"widget\" data-e-type=\"widget\" data-widget_type=\"text-editor.default\">\n\t\t\t\t\t\t\t\t\t<p>Planen Sie den Kauf eines Autos oder Motorrads? Mit einer Autofinanzierung in Deutschland k\u00f6nnen Sie den Erwerb eines Neu- oder Gebrauchtwagens bequem in Raten bezahlen. H\u00e4ufig lassen sich beim H\u00e4ndler zus\u00e4tzliche Rabatte aushandeln, wenn das Fahrzeug bar bezahlt wird \u2013 die Finanzierung \u00fcbernimmt dabei Ihr Kredit.<\/p><p>Um Ihrem Wunschfahrzeug n\u00e4her zu kommen, k\u00f6nnen Sie unseren Kreditrechner nutzen. So berechnen Sie in wenigen Schritten Ihre voraussichtlichen Monatsraten auf Basis von Finanzierungssumme und gew\u00fcnschter Laufzeit.<\/p><p>Der integrierte Autofinanzierungsrechner auf unserer Website zeigt Ihnen transparent, welche Monatsrate zu welchem Darlehensbetrag passt \u2013 damit Sie Ihre Autofinanzierung sicher und planbar gestalten k\u00f6nnen.<\/p><p>TRUSTKAPITAL empfiehlt die Autofinanzierung (Autokredit) als attraktive Alternative zum Leasing. In vielen F\u00e4llen sind Sie damit flexibler und langfristig besser aufgestellt. Entdecken Sie die wichtigsten Unterschiede zwischen Finanzierung und Leasing im \u00dcberblick.<\/p>\t\t\t\t\t\t\t\t<\/div>\n\t\t\t\t<div class=\"elementor-element elementor-element-e2799fc elementor-widget elementor-widget-heading\" data-id=\"e2799fc\" data-element_type=\"widget\" data-e-type=\"widget\" data-widget_type=\"heading.default\">\n\t\t\t\t\t<h2 class=\"elementor-heading-title elementor-size-default\">Autofinanzierung vs. Leasing im \u00dcberblick<\/h2>\t\t\t\t<\/div>\n\t\t\t\t<div class=\"elementor-element elementor-element-fae785b elementor-widget elementor-widget-text-editor\" data-id=\"fae785b\" data-element_type=\"widget\" data-e-type=\"widget\" data-widget_type=\"text-editor.default\">\n\t\t\t\t\t\t\t\t\t<table class=\"w-full text-left text-gray-500 dark:text-gray-400\"><thead class=\"text-gray-700 bg-gray-50 dark:bg-gray-700 dark:text-gray-400\"><tr class=\"border-b-2\"><th class=\"px-6 py-3\" scope=\"col\">Autofinanzierung<\/th><th class=\"px-6 py-3\" scope=\"col\">Leasing<\/th><\/tr><\/thead><tbody><tr class=\"bg-white border-b dark:bg-gray-800 dark:border-gray-700\"><td class=\"px-6 py-4\">Bei einem Autokredit wird das Fahrzeug nach vollst\u00e4ndiger Zahlung Ihr Eigentum.<\/td><td class=\"px-6 py-4\">Beim Leasing bleiben die Eigentumsrechte beim Leasinggeber, Sie sind nur Nutzer des Fahrzeugs.<\/td><\/tr><tr class=\"bg-white border-b dark:bg-gray-800 dark:border-gray-700\"><td class=\"px-6 py-4\">Sie k\u00f6nnen das Fahrzeug nach Ihren W\u00fcnschen nutzen oder umbauen (z.B. als Transportfahrzeug).<\/td><td class=\"px-6 py-4\">Das Fahrzeug muss in der Regel im urspr\u00fcnglichen Zustand zur\u00fcckgegeben werden.<\/td><\/tr><tr class=\"bg-white border-b dark:bg-gray-800 dark:border-gray-700\"><td class=\"px-6 py-4\">Sie entscheiden selbst \u00fcber einen sp\u00e4teren Verkauf und profitieren vom erzielten Wiederverkaufswert.<\/td><td class=\"px-6 py-4\">Der Restwert wird vertraglich festgelegt; bei R\u00fcckgabe orientiert sich alles an diesen Vorgaben, nicht am tats\u00e4chlichen Marktwert.<\/td><\/tr><tr class=\"bg-white border-b dark:bg-gray-800 dark:border-gray-700\"><td class=\"px-6 py-4\">Sie w\u00e4hlen Versicherung und Versicherungsanbieter frei nach Preis und Leistung.<\/td><td class=\"px-6 py-4\">Eine Vollkaskoversicherung ist meist verpflichtend und Vorgaben des Leasinganbieters sind \u00fcblich.<\/td><\/tr><\/tbody><\/table>\t\t\t\t\t\t\t\t<\/div>\n\t\t\t\t<div class=\"elementor-element elementor-element-ff1842b elementor-widget elementor-widget-text-editor\" data-id=\"ff1842b\" data-element_type=\"widget\" data-e-type=\"widget\" data-widget_type=\"text-editor.default\">\n\t\t\t\t\t\t\t\t\t<p>In Deutschland ist die Autofinanzierung ein zweckgebundener Privatkredit, der ausschlie\u00dflich der Finanzierung eines Fahrzeugs dient. TRUSTEKAPITAL bietet dar\u00fcber hinaus auch weitere Kreditl\u00f6sungen wie Mikrokredite oder Baufinanzierungen an.<\/p><p>Sie haben Fragen zur Autofinanzierung oder m\u00f6chten Ihr pers\u00f6nliches Angebot pr\u00fcfen lassen? Unsere Fachberater unterst\u00fctzen Sie gerne in einem kostenlosen und unverbindlichen Beratungsgespr\u00e4ch.<\/p>\t\t\t\t\t\t\t\t<\/div>\n\t\t\t\t\t<\/div>\n\t\t\t\t<\/div>\n\t\t\t\t<\/div>\n\t\t","protected":false},"excerpt":{"rendered":"<p>Autofinanzierung Mit TRUSTEKAPITAL finanzieren Sie Ihr Auto in Deutschland einfach, flexibel und zu fairen Konditionen. Autofinanzierung Planen Sie den Kauf eines Autos oder Motorrads? Mit einer Autofinanzierung in Deutschland k\u00f6nnen Sie den Erwerb eines Neu- oder Gebrauchtwagens bequem in Raten bezahlen. H\u00e4ufig lassen sich beim H\u00e4ndler zus\u00e4tzliche Rabatte aushandeln, wenn das Fahrzeug bar bezahlt wird [&hellip;]<\/p>\n","protected":false},"author":1,"featured_media":0,"parent":0,"menu_order":0,"comment_status":"closed","ping_status":"closed","template":"elementor_header_footer","meta":{"footnotes":""},"class_list":["post-202","page","type-page","status-publish","hentry"],"_links":{"self":[{"href":"https:\/\/trustekapital.com\/index.php?rest_route=\/wp\/v2\/pages\/202","targetHints":{"allow":["GET"]}}],"collection":[{"href":"https:\/\/trustekapital.com\/index.php?rest_route=\/wp\/v2\/pages"}],"about":[{"href":"https:\/\/trustekapital.com\/index.php?rest_route=\/wp\/v2\/types\/page"}],"author":[{"embeddable":true,"href":"https:\/\/trustekapital.com\/index.php?rest_route=\/wp\/v2\/users\/1"}],"replies":[{"embeddable":true,"href":"https:\/\/trustekapital.com\/index.php?rest_route=%2Fwp%2Fv2%2Fcomments&post=202"}],"version-history":[{"count":16,"href":"https:\/\/trustekapital.com\/index.php?rest_route=\/wp\/v2\/pages\/202\/revisions"}],"predecessor-version":[{"id":219,"href":"https:\/\/trustekapital.com\/index.php?rest_route=\/wp\/v2\/pages\/202\/revisions\/219"}],"wp:attachment":[{"href":"https:\/\/trustekapital.com\/index.php?rest_route=%2Fwp%2Fv2%2Fmedia&parent=202"}],"curies":[{"name":"wp","href":"https:\/\/api.w.org\/{rel}","templated":true}]}}